{"id":2644,"date":"2025-03-22T12:02:37","date_gmt":"2025-03-22T11:02:37","guid":{"rendered":"https:\/\/chateau-artigues.com\/condiciones-generales\/"},"modified":"2025-04-05T00:38:30","modified_gmt":"2025-04-04T22:38:30","slug":"condiciones-generales","status":"publish","type":"page","link":"https:\/\/chateau-artigues.com\/es\/condiciones-generales\/","title":{"rendered":"Condiciones generales"},"content":{"rendered":"<h1>Condiciones generales<\/h1>\n<p>Bienvenido al Ch\u00e2teau d\u2019Artigues!<\/p>\n<p>Estamos encantados de recibirle. Para garantizar una estancia agradable para todos nuestros hu\u00e9spedes, le agradecemos que respete el siguiente c\u00f3digo de conducta: <\/p>\n<p>La casa de hu\u00e9spedes no es un lugar abierto libremente al p\u00fablico, es una familia la que le recibe en su hogar. Los hu\u00e9spedes son recibidos en una vivienda particular; los propietarios se complacen en compartir y mostrar su forma de vida durante la estancia. Sin embargo, el Ch\u00e2teau d\u2019Artigues no es un establecimiento hotelero, por lo que podemos lamentar la ausencia de calefacci\u00f3n y\/o aire acondicionado, as\u00ed como una cantidad limitada de agua caliente sanitaria. En ocasiones, durante per\u00edodos de sequ\u00eda, el pueblo puede estar sujeto a restricciones en el suministro de agua.   <\/p>\n<p>El Ch\u00e2teau d\u2019Artigues, antigua residencia, lamentablemente no est\u00e1 adaptado para personas con discapacidad.<\/p>\n<p>El Ch\u00e2teau d\u2019Artigues no est\u00e1 adaptado para el alojamiento de ni\u00f1os.<\/p>\n<ol>\n<li><strong>Respete la propiedad<br \/>\n<\/strong>Los hu\u00e9spedes se comprometen a utilizar las habitaciones y los espacios comunes puestos a su disposici\u00f3n de forma razonable. Cualquier comportamiento que contravenga los principios de seguridad, y\/o higiene, y\/o las buenas costumbres, y\/o el orden p\u00fablico podr\u00e1 llevar al Ch\u00e2teau d\u2019Artigues a solicitar a los hu\u00e9spedes implicados que abandonen el lugar sin reembolso. Le agradecemos que trate las habitaciones y el mobiliario con cuidado. Cualquier deterioro del apartamento o de su contenido que exceda el desgaste normal podr\u00e1 conllevar cargos adicionales.   <\/li>\n<li><strong>Nivel de ruido<br \/>\n<\/strong>Le agradecemos que limite el ruido al m\u00ednimo, a fin de respetar a los dem\u00e1s hu\u00e9spedes y vecinos, manteniendo as\u00ed la serenidad del lugar.<\/li>\n<li><strong>Ning\u00fan invitado no autorizado<br \/>\n<\/strong>Solo los clientes registrados en el momento de la reserva est\u00e1n autorizados a alojarse en las habitaciones, salones y espacios verdes. Los hu\u00e9spedes no pueden introducir a terceras personas en el dominio sin haber obtenido previamente la autorizaci\u00f3n expresa del Ch\u00e2teau d\u2019Artigues. <\/li>\n<li><strong>Pol\u00edtica en materia de tabaquismo<br \/>\n<\/strong>Por razones de seguridad y por respeto a todos, est\u00e1 prohibido fumar en el castillo.<br \/>\nEn caso de que desee fumar en el exterior, le agradeceremos que tenga en cuenta la proximidad de los hu\u00e9spedes no fumadores. Por favor, deseche sus colillas de forma responsable en los ceniceros puestos a su disposici\u00f3n. En temporada seca, est\u00e1 estrictamente prohibido fumar en el \u00e1rea forestal del dominio.  <\/li>\n<li><strong>Pol\u00edtica respecto a los animales dom\u00e9sticos<br \/>\n<\/strong>Los animales dom\u00e9sticos no son aceptados.<\/li>\n<li><strong>Registro y salida<br \/>\n<\/strong>Por favor, respete los horarios de llegada a partir de las 15:00 y de salida a las 11:00 el d\u00eda de finalizaci\u00f3n de la reserva; de lo contrario, se le facturar\u00e1 un d\u00eda adicional. Las llegadas tard\u00edas o salidas anticipadas deben organizarse con antelaci\u00f3n y pueden conllevar cargos adicionales. <\/li>\n<li><strong>Seguridad y protecci\u00f3n<br \/>\n<\/strong>Aseg\u00farese siempre de cerrar con llave puertas y ventanas cuando abandone su habitaci\u00f3n. No divulgue su n\u00famero de habitaci\u00f3n ni sus datos de seguridad a desconocidos. <\/li>\n<li><strong>Eliminaci\u00f3n de residuos<br \/>\n<\/strong>Por favor, deseche de forma regular y responsable los residuos utilizando los contenedores designados y siguiendo las instrucciones de reciclaje.<\/li>\n<li><strong>Respeto de las leyes<br \/>\n<\/strong>Todos los clientes est\u00e1n obligados a cumplir con las leyes y regulaciones locales. Cualquier actividad ilegal ser\u00e1 denunciada a las autoridades.<br \/>\nEl Ch\u00e2teau d\u2019Artigues se reserva el derecho de no recibir o de expulsar a cualquier persona cuya vestimenta sea indecente, o que utilice prendas destinadas a ocultar el rostro (Ley N\u00b02010-1192 del 11 de octubre de 2010), o a clientes en estado de embriaguez o con comportamientos ruidosos. Se exige una vestimenta adecuada en las \u00e1reas comunes del castillo y sus exteriores; el hu\u00e9sped debe ser cort\u00e9s y respetuoso con el personal y los propietarios, bajo pena de exclusi\u00f3n sin reembolso.  <\/li>\n<li><strong>Derecho a la imagen<br \/>\n<\/strong>El derecho a la imagen y a la tranquilidad es sagrado; para respetar la privacidad y el derecho a la imagen de los dem\u00e1s hu\u00e9spedes del castillo, los hu\u00e9spedes se comprometen a no tomar fotograf\u00edas o v\u00eddeos de los residentes dentro del Ch\u00e2teau d\u2019Artigues o de sus dependencias, ni a publicarlos. \u00abCh\u00e2teau d\u2019Artigues\u00bb es una marca registrada, y el derecho a la imagen del Ch\u00e2teau d\u2019Artigues est\u00e1 protegido. <\/li>\n<li><strong>Notificaci\u00f3n de problemas<br \/>\n<\/strong>Si tiene alg\u00fan problema o necesita asistencia durante su estancia, por favor, p\u00f3ngase en contacto con nosotros de inmediato. \u00a1Estamos aqu\u00ed para ayudarle! <\/li>\n<li><strong>La piscina del Ch\u00e2teau d\u2019Artigues<br \/>\n<\/strong>Dentro del marco de la normativa francesa sobre el uso de piscinas familiares abiertas a los hu\u00e9spedes, y para evitar accidentes que puedan afectar tanto a ni\u00f1os como a adultos, as\u00ed como para permitir un uso agradable para todos, se establece el siguiente reglamento para el uso de la piscina: <strong>Siendo una piscina familiar, su uso est\u00e1 reservado \u00fanicamente para los miembros de la familia de los propietarios y para las personas que se alojen en las habitaciones de hu\u00e9spedes.<\/strong><\/p>\n<ul>\n<li>El simple hecho de utilizar la piscina implica que el usuario ha aceptado este reglamento.<\/li>\n<li>Horarios de apertura: de 9:00 a 20:00 en temporada alta, y de 10:00 a 19:00 en temporada baja.<\/li>\n<\/ul>\n<p>(Horarios reducidos posibles seg\u00fan la actividad).<\/p>\n<ul>\n<li>Todo ni\u00f1o menor de 14 a\u00f1os, no acompa\u00f1ado por un adulto, no est\u00e1 autorizado a acceder al \u00e1rea de la piscina. El uso de la piscina por parte de los ni\u00f1os estar\u00e1 bajo la total supervisi\u00f3n y responsabilidad de sus padres. <\/li>\n<li>El c\u00f3digo de acceso se entrega \u00fanicamente a los padres y no debe ser comunicado a los ni\u00f1os.<\/li>\n<li>Los propietarios recuerdan a los hu\u00e9spedes que no se realiza vigilancia en la piscina<strong>.<\/strong> <strong>La piscina es un espacio Zen<\/strong>; se proh\u00edben juegos ruidosos, lanzamientos de objetos, zambullidas y saltos desde el borde. El propietario declina toda responsabilidad en caso de incumplimiento del reglamento y puede retirar la autorizaci\u00f3n de acceso al \u00e1rea de la piscina previamente concedida sin compensaci\u00f3n alguna. <\/li>\n<li>Cualquier accidente que ocurra a un hu\u00e9sped ser\u00e1 de su entera responsabilidad.<\/li>\n<li>Los usuarios se comprometen a:\n<ul>\n<li>Disfrutar del \u00e1rea de la piscina en un ambiente de cordialidad y respetando la intimidad de cada uno.<\/li>\n<li>Ducharse sistem\u00e1ticamente antes de entrar en el \u00e1rea de la piscina, especialmente despu\u00e9s de haber aplicado crema o aceite solar, etc.<\/li>\n<li>Utilizar un traje de ba\u00f1o destinado exclusivamente al uso en la piscina.<\/li>\n<li>No llevar alimentos o bebidas a la piscina, salvo agua sin gas.<\/li>\n<li>Contar con un seguro de responsabilidad civil que cubra el uso de la piscina.<\/li>\n<li>No desplazarse en traje de ba\u00f1o fuera del \u00e1rea de la piscina.<\/li>\n<li>Fumar es una elecci\u00f3n individual; le agradeceremos que respete a quienes no fuman, absteni\u00e9ndose de hacerlo si es necesario.<\/li>\n<\/ul>\n<\/li>\n<\/ul>\n<p>Los propietarios podr\u00e1n retirar la autorizaci\u00f3n concedida previamente sin compensaci\u00f3n alguna en caso de incumplimiento de cualquiera de estos art\u00edculos.<\/li>\n<\/ol>\n<p><strong>Al reservar una estancia en el Ch\u00e2teau d\u2019Artigues, usted acepta cumplir con este C\u00f3digo de Conducta. El incumplimiento de estas normas puede acarrear sanciones, incluida la expulsi\u00f3n del dominio. <\/strong><\/p>\n<p>Gracias por elegir el Ch\u00e2teau d\u2019Artigues para su estancia. \u00a1Esperamos que disfrute de una experiencia maravillosa y memorable!<\/p>\n<p> <\/p>\n","protected":false},"excerpt":{"rendered":"<p>Condiciones generales Bienvenido al Ch\u00e2teau d\u2019Artigues! Estamos encantados de recibirle. Para garantizar una estancia agradable para todos nuestros hu\u00e9spedes, le agradecemos que respete el siguiente c\u00f3digo<span class=\"excerpt-hellip\"> [\u2026]<\/span><\/p>\n","protected":false},"author":1,"featured_media":0,"parent":0,"menu_order":200,"comment_status":"closed","ping_status":"closed","template":"","meta":{"footnotes":""},"class_list":["post-2644","page","type-page","status-publish","hentry"],"yoast_head":"<!-- This site is optimized with the Yoast SEO Premium plugin v26.3 (Yoast SEO v27.5) - https:\/\/yoast.com\/product\/yoast-seo-premium-wordpress\/ -->\n<title>Condiciones generales - Ch\u00e2teau d&#039;Artigues<\/title>\n<meta name=\"robots\" content=\"index, follow, max-snippet:-1, max-image-preview:large, max-video-preview:-1\" \/>\n<link rel=\"canonical\" href=\"https:\/\/chateau-artigues.com\/es\/condiciones-generales\/\" \/>\n<meta property=\"og:locale\" content=\"es_ES\" \/>\n<meta property=\"og:type\" content=\"article\" \/>\n<meta property=\"og:title\" content=\"Condiciones generales\" \/>\n<meta property=\"og:description\" content=\"Condiciones generales Bienvenido al Ch\u00e2teau d\u2019Artigues! Estamos encantados de recibirle. Para garantizar una estancia agradable para todos nuestros hu\u00e9spedes, le agradecemos que respete el siguiente c\u00f3digo [\u2026]\" \/>\n<meta property=\"og:url\" content=\"https:\/\/chateau-artigues.com\/es\/condiciones-generales\/\" \/>\n<meta property=\"og:site_name\" content=\"Ch\u00e2teau d&#039;Artigues\" \/>\n<meta property=\"article:modified_time\" content=\"2025-04-04T22:38:30+00:00\" \/>\n<meta property=\"og:image\" content=\"https:\/\/chateau-artigues.com\/wp-content\/uploads\/2025\/04\/chateau-d-artigues.png\" \/>\n\t<meta property=\"og:image:width\" content=\"1200\" \/>\n\t<meta property=\"og:image:height\" content=\"675\" \/>\n\t<meta property=\"og:image:type\" content=\"image\/png\" \/>\n<meta name=\"twitter:card\" content=\"summary_large_image\" \/>\n<meta name=\"twitter:label1\" content=\"Tiempo de lectura\" \/>\n\t<meta name=\"twitter:data1\" content=\"6 minuto\" \/>\n<script type=\"application\/ld+json\" class=\"yoast-schema-graph\">{\"@context\":\"https:\\\/\\\/schema.org\",\"@graph\":[{\"@type\":\"WebPage\",\"@id\":\"https:\\\/\\\/chateau-artigues.com\\\/es\\\/condiciones-generales\\\/\",\"url\":\"https:\\\/\\\/chateau-artigues.com\\\/es\\\/condiciones-generales\\\/\",\"name\":\"Condiciones generales - Ch\u00e2teau d&#039;Artigues\",\"isPartOf\":{\"@id\":\"https:\\\/\\\/chateau-artigues.com\\\/es\\\/#website\"},\"datePublished\":\"2025-03-22T11:02:37+00:00\",\"dateModified\":\"2025-04-04T22:38:30+00:00\",\"breadcrumb\":{\"@id\":\"https:\\\/\\\/chateau-artigues.com\\\/es\\\/condiciones-generales\\\/#breadcrumb\"},\"inLanguage\":\"es\",\"potentialAction\":[{\"@type\":\"ReadAction\",\"target\":[\"https:\\\/\\\/chateau-artigues.com\\\/es\\\/condiciones-generales\\\/\"]}]},{\"@type\":\"BreadcrumbList\",\"@id\":\"https:\\\/\\\/chateau-artigues.com\\\/es\\\/condiciones-generales\\\/#breadcrumb\",\"itemListElement\":[{\"@type\":\"ListItem\",\"position\":1,\"name\":\"Accueil\",\"item\":\"https:\\\/\\\/chateau-artigues.com\\\/es\\\/inicio\\\/\"},{\"@type\":\"ListItem\",\"position\":2,\"name\":\"Condiciones generales\"}]},{\"@type\":\"WebSite\",\"@id\":\"https:\\\/\\\/chateau-artigues.com\\\/es\\\/#website\",\"url\":\"https:\\\/\\\/chateau-artigues.com\\\/es\\\/\",\"name\":\"Ch\u00e2teau d'Artigues\",\"description\":\"\",\"publisher\":{\"@id\":\"https:\\\/\\\/chateau-artigues.com\\\/es\\\/#organization\"},\"alternateName\":\"Ch\u00e2teau d'Artigues\",\"potentialAction\":[{\"@type\":\"SearchAction\",\"target\":{\"@type\":\"EntryPoint\",\"urlTemplate\":\"https:\\\/\\\/chateau-artigues.com\\\/es\\\/?s={search_term_string}\"},\"query-input\":{\"@type\":\"PropertyValueSpecification\",\"valueRequired\":true,\"valueName\":\"search_term_string\"}}],\"inLanguage\":\"es\"},{\"@type\":\"Organization\",\"@id\":\"https:\\\/\\\/chateau-artigues.com\\\/es\\\/#organization\",\"name\":\"Ch\u00e2teau d'Artigues\",\"url\":\"https:\\\/\\\/chateau-artigues.com\\\/es\\\/\",\"logo\":{\"@type\":\"ImageObject\",\"inLanguage\":\"es\",\"@id\":\"https:\\\/\\\/chateau-artigues.com\\\/es\\\/#\\\/schema\\\/logo\\\/image\\\/\",\"url\":\"https:\\\/\\\/chateau-artigues.com\\\/wp-content\\\/uploads\\\/2025\\\/03\\\/logo.svg\",\"contentUrl\":\"https:\\\/\\\/chateau-artigues.com\\\/wp-content\\\/uploads\\\/2025\\\/03\\\/logo.svg\",\"width\":1000,\"height\":1000,\"caption\":\"Ch\u00e2teau d'Artigues\"},\"image\":{\"@id\":\"https:\\\/\\\/chateau-artigues.com\\\/es\\\/#\\\/schema\\\/logo\\\/image\\\/\"},\"sameAs\":[\"https:\\\/\\\/www.instagram.com\\\/chateau_artigues_provence\\\/\"],\"hasMerchantReturnPolicy\":{\"@type\":\"MerchantReturnPolicy\",\"merchantReturnLink\":\"https:\\\/\\\/chateau-artigues.com\\\/conditions-generales\\\/\"}}]}<\/script>\n<!-- \/ Yoast SEO Premium plugin. -->","yoast_head_json":{"title":"Condiciones generales - Ch\u00e2teau d&#039;Artigues","robots":{"index":"index","follow":"follow","max-snippet":"max-snippet:-1","max-image-preview":"max-image-preview:large","max-video-preview":"max-video-preview:-1"},"canonical":"https:\/\/chateau-artigues.com\/es\/condiciones-generales\/","og_locale":"es_ES","og_type":"article","og_title":"Condiciones generales","og_description":"Condiciones generales Bienvenido al Ch\u00e2teau d\u2019Artigues! Estamos encantados de recibirle. Para garantizar una estancia agradable para todos nuestros hu\u00e9spedes, le agradecemos que respete el siguiente c\u00f3digo [\u2026]","og_url":"https:\/\/chateau-artigues.com\/es\/condiciones-generales\/","og_site_name":"Ch\u00e2teau d&#039;Artigues","article_modified_time":"2025-04-04T22:38:30+00:00","og_image":[{"width":1200,"height":675,"url":"https:\/\/chateau-artigues.com\/wp-content\/uploads\/2025\/04\/chateau-d-artigues.png","type":"image\/png"}],"twitter_card":"summary_large_image","twitter_misc":{"Tiempo de lectura":"6 minuto"},"schema":{"@context":"https:\/\/schema.org","@graph":[{"@type":"WebPage","@id":"https:\/\/chateau-artigues.com\/es\/condiciones-generales\/","url":"https:\/\/chateau-artigues.com\/es\/condiciones-generales\/","name":"Condiciones generales - Ch\u00e2teau d&#039;Artigues","isPartOf":{"@id":"https:\/\/chateau-artigues.com\/es\/#website"},"datePublished":"2025-03-22T11:02:37+00:00","dateModified":"2025-04-04T22:38:30+00:00","breadcrumb":{"@id":"https:\/\/chateau-artigues.com\/es\/condiciones-generales\/#breadcrumb"},"inLanguage":"es","potentialAction":[{"@type":"ReadAction","target":["https:\/\/chateau-artigues.com\/es\/condiciones-generales\/"]}]},{"@type":"BreadcrumbList","@id":"https:\/\/chateau-artigues.com\/es\/condiciones-generales\/#breadcrumb","itemListElement":[{"@type":"ListItem","position":1,"name":"Accueil","item":"https:\/\/chateau-artigues.com\/es\/inicio\/"},{"@type":"ListItem","position":2,"name":"Condiciones generales"}]},{"@type":"WebSite","@id":"https:\/\/chateau-artigues.com\/es\/#website","url":"https:\/\/chateau-artigues.com\/es\/","name":"Ch\u00e2teau d'Artigues","description":"","publisher":{"@id":"https:\/\/chateau-artigues.com\/es\/#organization"},"alternateName":"Ch\u00e2teau d'Artigues","potentialAction":[{"@type":"SearchAction","target":{"@type":"EntryPoint","urlTemplate":"https:\/\/chateau-artigues.com\/es\/?s={search_term_string}"},"query-input":{"@type":"PropertyValueSpecification","valueRequired":true,"valueName":"search_term_string"}}],"inLanguage":"es"},{"@type":"Organization","@id":"https:\/\/chateau-artigues.com\/es\/#organization","name":"Ch\u00e2teau d'Artigues","url":"https:\/\/chateau-artigues.com\/es\/","logo":{"@type":"ImageObject","inLanguage":"es","@id":"https:\/\/chateau-artigues.com\/es\/#\/schema\/logo\/image\/","url":"https:\/\/chateau-artigues.com\/wp-content\/uploads\/2025\/03\/logo.svg","contentUrl":"https:\/\/chateau-artigues.com\/wp-content\/uploads\/2025\/03\/logo.svg","width":1000,"height":1000,"caption":"Ch\u00e2teau d'Artigues"},"image":{"@id":"https:\/\/chateau-artigues.com\/es\/#\/schema\/logo\/image\/"},"sameAs":["https:\/\/www.instagram.com\/chateau_artigues_provence\/"],"hasMerchantReturnPolicy":{"@type":"MerchantReturnPolicy","merchantReturnLink":"https:\/\/chateau-artigues.com\/conditions-generales\/"}}]}},"_links":{"self":[{"href":"https:\/\/chateau-artigues.com\/es\/wp-json\/wp\/v2\/pages\/2644","targetHints":{"allow":["GET"]}}],"collection":[{"href":"https:\/\/chateau-artigues.com\/es\/wp-json\/wp\/v2\/pages"}],"about":[{"href":"https:\/\/chateau-artigues.com\/es\/wp-json\/wp\/v2\/types\/page"}],"author":[{"embeddable":true,"href":"https:\/\/chateau-artigues.com\/es\/wp-json\/wp\/v2\/users\/1"}],"replies":[{"embeddable":true,"href":"https:\/\/chateau-artigues.com\/es\/wp-json\/wp\/v2\/comments?post=2644"}],"version-history":[{"count":0,"href":"https:\/\/chateau-artigues.com\/es\/wp-json\/wp\/v2\/pages\/2644\/revisions"}],"wp:attachment":[{"href":"https:\/\/chateau-artigues.com\/es\/wp-json\/wp\/v2\/media?parent=2644"}],"curies":[{"name":"wp","href":"https:\/\/api.w.org\/{rel}","templated":true}]}}