{"id":2701,"date":"2025-03-11T03:18:24","date_gmt":"2025-03-11T02:18:24","guid":{"rendered":"https:\/\/chateau-artigues.com\/politica-de-privacidad\/"},"modified":"2025-04-05T05:08:05","modified_gmt":"2025-04-05T03:08:05","slug":"politica-de-privacidad","status":"publish","type":"page","link":"https:\/\/chateau-artigues.com\/es\/politica-de-privacidad\/","title":{"rendered":"Pol\u00edtica de privacidad"},"content":{"rendered":"<p><!-- Politique de confidentialit\u00e9 - www.chateau-artigues.com --><br \/>\n<!-- Mise \u00e0 jour : 04\/04\/2025 --><\/p>\n<h2>\u00bfQui\u00e9nes somos?<\/h2>\n<p>El sitio <a href=\"https:\/\/www.chateau-artigues.com\">https:\/\/www.chateau-artigues.com<\/a> es gestionado por Ludovic Jean-Edouard Stalla, propietario y responsable del tratamiento de datos personales.<\/p>\n<p>Direcci\u00f3n: Ch\u00e2teau d\u2019Artigues, 38 All\u00e9e des Platanes, 83560 Artigues en Provence, Francia<br \/>Tel\u00e9fono: +33 (0)9 51 55 06 87<br \/>Correo electr\u00f3nico: <a href=\"mailto:info@chateau-artigues.com\">info@chateau-artigues.com<\/a><\/p>\n<p>Responsable t\u00e9cnico del sitio web: Patrick Derenne (<a href=\"mailto:lepat@lepat.es\">lepat@lepat.es<\/a>)<\/p>\n<h2>Comentarios<\/h2>\n<p>Cuando usted deja un comentario en nuestro sitio web, recopilamos los datos introducidos en el formulario correspondiente, as\u00ed como su direcci\u00f3n IP y la informaci\u00f3n del navegador, con el fin de ayudar en la detecci\u00f3n de mensajes no deseados (spam).<\/p>\n<p>Asimismo, una cadena anonimizada (hash) generada a partir de su direcci\u00f3n de correo electr\u00f3nico podr\u00e1 enviarse al servicio Gravatar para verificar si lo utiliza. Puede consultar su pol\u00edtica de privacidad aqu\u00ed: <a href=\"https:\/\/automattic.com\/privacy\/\" target=\"_blank\">https:\/\/automattic.com\/privacy\/<\/a>.<br \/>Una vez validado su comentario, su fotograf\u00eda de perfil ser\u00e1 visible p\u00fablicamente junto al mismo.  <\/p>\n<h2>Medios<\/h2>\n<p>Si usted sube im\u00e1genes al sitio web, le recomendamos evitar que dichas im\u00e1genes contengan datos EXIF con coordenadas GPS. Los visitantes del sitio pueden descargar y extraer informaci\u00f3n de localizaci\u00f3n a partir de estas im\u00e1genes. <\/p>\n<h2 id=\"cookies\">Cookies<\/h2>\n<p>Si usted deja un comentario en nuestro sitio, se le podr\u00e1 ofrecer guardar su nombre, direcci\u00f3n de correo electr\u00f3nico y sitio web en cookies. Esto es exclusivamente para su comodidad, a fin de no tener que volver a introducir esta informaci\u00f3n en futuros comentarios. Estas cookies tendr\u00e1n una duraci\u00f3n de un a\u00f1o.  <\/p>\n<p>Si accede a la p\u00e1gina de inicio de sesi\u00f3n, se crear\u00e1 una cookie temporal para comprobar si su navegador acepta cookies. Esta cookie no contiene informaci\u00f3n personal y se eliminar\u00e1 al cerrar el navegador. <\/p>\n<p>Al iniciar sesi\u00f3n, se establecer\u00e1n varias cookies para guardar su informaci\u00f3n de acceso y sus preferencias de visualizaci\u00f3n. Las cookies de inicio de sesi\u00f3n tienen una duraci\u00f3n de dos d\u00edas; las relativas a preferencias de pantalla, un a\u00f1o. Si selecciona la opci\u00f3n \u00abRecordarme\u00bb, su inicio de sesi\u00f3n se mantendr\u00e1 durante dos semanas. Al cerrar sesi\u00f3n, las cookies ser\u00e1n eliminadas.   <\/p>\n<p>Cuando usted edite o publique un contenido, se guardar\u00e1 una cookie adicional en su navegador. Esta cookie no contiene datos personales, simplemente indica el ID del contenido editado. Caduca al cabo de un d\u00eda. <\/p>\n<h2>Contenido incrustado de otros sitios<\/h2>\n<p>Los art\u00edculos de este sitio pueden incluir contenido incrustado (por ejemplo, v\u00eddeos, im\u00e1genes o art\u00edculos). Este contenido se comporta de la misma forma que si el visitante accediera directamente al sitio externo. <\/p>\n<p>Dichos sitios web pueden recopilar datos sobre usted, utilizar cookies, incorporar herramientas de seguimiento de terceros y monitorizar su interacci\u00f3n con el contenido incrustado, especialmente si dispone de una cuenta activa en esos sitios.<\/p>\n<h2>Uso y transmisi\u00f3n de sus datos personales<\/h2>\n<p>Si solicita un restablecimiento de su contrase\u00f1a, su direcci\u00f3n IP ser\u00e1 incluida en el correo electr\u00f3nico de restablecimiento.<\/p>\n<h2>Conservaci\u00f3n de los datos<\/h2>\n<p>Los comentarios y sus metadatos se conservan de forma indefinida con el fin de facilitar el reconocimiento y la aprobaci\u00f3n autom\u00e1tica de futuros comentarios. <\/p>\n<p>En caso de que usted cree una cuenta en nuestro sitio (si esta funcionalidad est\u00e1 disponible), se almacenar\u00e1 la informaci\u00f3n personal introducida en su perfil. Usted podr\u00e1 acceder, modificar o eliminar sus datos personales en cualquier momento, salvo su nombre de usuario. Los administradores del sitio tambi\u00e9n podr\u00e1n ver y modificar esta informaci\u00f3n. <\/p>\n<h2>Derechos sobre sus datos<\/h2>\n<p>Usted puede solicitar un archivo con todos los datos personales que conservamos sobre usted, incluyendo aquellos que nos haya proporcionado. Tambi\u00e9n puede solicitar la eliminaci\u00f3n de dicha informaci\u00f3n. Esta solicitud no incluye los datos que debamos conservar por motivos administrativos, legales o de seguridad. <\/p>\n<h2>D\u00f3nde se env\u00edan sus datos<\/h2>\n<p>Los comentarios de los visitantes pueden ser verificados mediante un servicio autom\u00e1tico de detecci\u00f3n de spam.<\/p>\n<h2>Datos de terceros<\/h2>\n<p>Este sitio utiliza <strong>Google Analytics<\/strong> con fines estad\u00edsticos, para analizar el tr\u00e1fico del sitio web. Los datos recogidos son an\u00f3nimos. <\/p>\n<p>Asimismo, este sitio est\u00e1 sincronizado con <strong>Booking.com<\/strong> para la gesti\u00f3n de reservas. Sus datos pueden ser compartidos con esta plataforma, de acuerdo con su propia pol\u00edtica de privacidad. <\/p>\n<h2>Uso de WooCommerce<\/h2>\n<p>Utilizamos WooCommerce como soluci\u00f3n de comercio electr\u00f3nico. Los datos personales asociados a su pedido (nombre, apellidos, direcci\u00f3n, correo electr\u00f3nico, n\u00famero de tel\u00e9fono y detalles del pedido) se recogen con fines de tramitaci\u00f3n, gesti\u00f3n comercial y contabilidad.<\/p>\n<p>El pago se realiza a trav\u00e9s de plataformas seguras. No se almacenan datos bancarios ni informaci\u00f3n de tarjetas de cr\u00e9dito en nuestro sitio web.<\/p>\n<h2>YITH Booking &amp; Appointment<\/h2>\n<p>Este sitio utiliza el complemento YITH Booking &amp; Appointment para permitir la reserva de estancias. Los datos que usted proporcione durante el proceso de reserva ser\u00e1n utilizados exclusivamente para gestionar su estancia y no se compartir\u00e1n con terceros fuera del marco de la prestaci\u00f3n del servicio. <\/p>\n","protected":false},"excerpt":{"rendered":"<p>\u00bfQui\u00e9nes somos? El sitio https:\/\/www.chateau-artigues.com es gestionado por Ludovic Jean-Edouard Stalla, propietario y responsable del tratamiento de datos personales. Direcci\u00f3n: Ch\u00e2teau d\u2019Artigues, 38 All\u00e9e des Platanes,<span class=\"excerpt-hellip\"> [\u2026]<\/span><\/p>\n","protected":false},"author":1,"featured_media":0,"parent":0,"menu_order":202,"comment_status":"closed","ping_status":"closed","template":"","meta":{"footnotes":""},"class_list":["post-2701","page","type-page","status-publish","hentry"],"yoast_head":"<!-- This site is optimized with the Yoast SEO Premium plugin v26.3 (Yoast SEO v27.4) - https:\/\/yoast.com\/product\/yoast-seo-premium-wordpress\/ -->\n<title>Pol\u00edtica de privacidad - Ch\u00e2teau d&#039;Artigues<\/title>\n<meta name=\"robots\" content=\"index, follow, max-snippet:-1, max-image-preview:large, max-video-preview:-1\" \/>\n<link rel=\"canonical\" href=\"https:\/\/chateau-artigues.com\/es\/politica-de-privacidad\/\" \/>\n<meta property=\"og:locale\" content=\"es_ES\" \/>\n<meta property=\"og:type\" content=\"article\" \/>\n<meta property=\"og:title\" content=\"Pol\u00edtica de privacidad\" \/>\n<meta property=\"og:description\" content=\"\u00bfQui\u00e9nes somos? El sitio https:\/\/www.chateau-artigues.com es gestionado por Ludovic Jean-Edouard Stalla, propietario y responsable del tratamiento de datos personales. Direcci\u00f3n: Ch\u00e2teau d\u2019Artigues, 38 All\u00e9e des Platanes, [\u2026]\" \/>\n<meta property=\"og:url\" content=\"https:\/\/chateau-artigues.com\/es\/politica-de-privacidad\/\" \/>\n<meta property=\"og:site_name\" content=\"Ch\u00e2teau d&#039;Artigues\" \/>\n<meta property=\"article:modified_time\" content=\"2025-04-05T03:08:05+00:00\" \/>\n<meta property=\"og:image\" content=\"https:\/\/chateau-artigues.com\/wp-content\/uploads\/2025\/04\/chateau-d-artigues.png\" \/>\n\t<meta property=\"og:image:width\" content=\"1200\" \/>\n\t<meta property=\"og:image:height\" content=\"675\" \/>\n\t<meta property=\"og:image:type\" content=\"image\/png\" \/>\n<meta name=\"twitter:card\" content=\"summary_large_image\" \/>\n<meta name=\"twitter:label1\" content=\"Tiempo de lectura\" \/>\n\t<meta name=\"twitter:data1\" content=\"4 minuto\" \/>\n<script type=\"application\/ld+json\" class=\"yoast-schema-graph\">{\"@context\":\"https:\\\/\\\/schema.org\",\"@graph\":[{\"@type\":\"WebPage\",\"@id\":\"https:\\\/\\\/chateau-artigues.com\\\/es\\\/politica-de-privacidad\\\/\",\"url\":\"https:\\\/\\\/chateau-artigues.com\\\/es\\\/politica-de-privacidad\\\/\",\"name\":\"Pol\u00edtica de privacidad - Ch\u00e2teau d&#039;Artigues\",\"isPartOf\":{\"@id\":\"https:\\\/\\\/chateau-artigues.com\\\/es\\\/#website\"},\"datePublished\":\"2025-03-11T02:18:24+00:00\",\"dateModified\":\"2025-04-05T03:08:05+00:00\",\"breadcrumb\":{\"@id\":\"https:\\\/\\\/chateau-artigues.com\\\/es\\\/politica-de-privacidad\\\/#breadcrumb\"},\"inLanguage\":\"es\",\"potentialAction\":[{\"@type\":\"ReadAction\",\"target\":[\"https:\\\/\\\/chateau-artigues.com\\\/es\\\/politica-de-privacidad\\\/\"]}]},{\"@type\":\"BreadcrumbList\",\"@id\":\"https:\\\/\\\/chateau-artigues.com\\\/es\\\/politica-de-privacidad\\\/#breadcrumb\",\"itemListElement\":[{\"@type\":\"ListItem\",\"position\":1,\"name\":\"Accueil\",\"item\":\"https:\\\/\\\/chateau-artigues.com\\\/es\\\/inicio\\\/\"},{\"@type\":\"ListItem\",\"position\":2,\"name\":\"Pol\u00edtica de privacidad\"}]},{\"@type\":\"WebSite\",\"@id\":\"https:\\\/\\\/chateau-artigues.com\\\/es\\\/#website\",\"url\":\"https:\\\/\\\/chateau-artigues.com\\\/es\\\/\",\"name\":\"Ch\u00e2teau d'Artigues\",\"description\":\"\",\"publisher\":{\"@id\":\"https:\\\/\\\/chateau-artigues.com\\\/es\\\/#organization\"},\"alternateName\":\"Ch\u00e2teau d'Artigues\",\"potentialAction\":[{\"@type\":\"SearchAction\",\"target\":{\"@type\":\"EntryPoint\",\"urlTemplate\":\"https:\\\/\\\/chateau-artigues.com\\\/es\\\/?s={search_term_string}\"},\"query-input\":{\"@type\":\"PropertyValueSpecification\",\"valueRequired\":true,\"valueName\":\"search_term_string\"}}],\"inLanguage\":\"es\"},{\"@type\":\"Organization\",\"@id\":\"https:\\\/\\\/chateau-artigues.com\\\/es\\\/#organization\",\"name\":\"Ch\u00e2teau d'Artigues\",\"url\":\"https:\\\/\\\/chateau-artigues.com\\\/es\\\/\",\"logo\":{\"@type\":\"ImageObject\",\"inLanguage\":\"es\",\"@id\":\"https:\\\/\\\/chateau-artigues.com\\\/es\\\/#\\\/schema\\\/logo\\\/image\\\/\",\"url\":\"https:\\\/\\\/chateau-artigues.com\\\/wp-content\\\/uploads\\\/2025\\\/03\\\/logo.svg\",\"contentUrl\":\"https:\\\/\\\/chateau-artigues.com\\\/wp-content\\\/uploads\\\/2025\\\/03\\\/logo.svg\",\"width\":1000,\"height\":1000,\"caption\":\"Ch\u00e2teau d'Artigues\"},\"image\":{\"@id\":\"https:\\\/\\\/chateau-artigues.com\\\/es\\\/#\\\/schema\\\/logo\\\/image\\\/\"},\"sameAs\":[\"https:\\\/\\\/www.instagram.com\\\/chateau_artigues_provence\\\/\"],\"hasMerchantReturnPolicy\":{\"@type\":\"MerchantReturnPolicy\",\"merchantReturnLink\":\"https:\\\/\\\/chateau-artigues.com\\\/conditions-generales\\\/\"}}]}<\/script>\n<!-- \/ Yoast SEO Premium plugin. -->","yoast_head_json":{"title":"Pol\u00edtica de privacidad - Ch\u00e2teau d&#039;Artigues","robots":{"index":"index","follow":"follow","max-snippet":"max-snippet:-1","max-image-preview":"max-image-preview:large","max-video-preview":"max-video-preview:-1"},"canonical":"https:\/\/chateau-artigues.com\/es\/politica-de-privacidad\/","og_locale":"es_ES","og_type":"article","og_title":"Pol\u00edtica de privacidad","og_description":"\u00bfQui\u00e9nes somos? El sitio https:\/\/www.chateau-artigues.com es gestionado por Ludovic Jean-Edouard Stalla, propietario y responsable del tratamiento de datos personales. Direcci\u00f3n: Ch\u00e2teau d\u2019Artigues, 38 All\u00e9e des Platanes, [\u2026]","og_url":"https:\/\/chateau-artigues.com\/es\/politica-de-privacidad\/","og_site_name":"Ch\u00e2teau d&#039;Artigues","article_modified_time":"2025-04-05T03:08:05+00:00","og_image":[{"width":1200,"height":675,"url":"https:\/\/chateau-artigues.com\/wp-content\/uploads\/2025\/04\/chateau-d-artigues.png","type":"image\/png"}],"twitter_card":"summary_large_image","twitter_misc":{"Tiempo de lectura":"4 minuto"},"schema":{"@context":"https:\/\/schema.org","@graph":[{"@type":"WebPage","@id":"https:\/\/chateau-artigues.com\/es\/politica-de-privacidad\/","url":"https:\/\/chateau-artigues.com\/es\/politica-de-privacidad\/","name":"Pol\u00edtica de privacidad - Ch\u00e2teau d&#039;Artigues","isPartOf":{"@id":"https:\/\/chateau-artigues.com\/es\/#website"},"datePublished":"2025-03-11T02:18:24+00:00","dateModified":"2025-04-05T03:08:05+00:00","breadcrumb":{"@id":"https:\/\/chateau-artigues.com\/es\/politica-de-privacidad\/#breadcrumb"},"inLanguage":"es","potentialAction":[{"@type":"ReadAction","target":["https:\/\/chateau-artigues.com\/es\/politica-de-privacidad\/"]}]},{"@type":"BreadcrumbList","@id":"https:\/\/chateau-artigues.com\/es\/politica-de-privacidad\/#breadcrumb","itemListElement":[{"@type":"ListItem","position":1,"name":"Accueil","item":"https:\/\/chateau-artigues.com\/es\/inicio\/"},{"@type":"ListItem","position":2,"name":"Pol\u00edtica de privacidad"}]},{"@type":"WebSite","@id":"https:\/\/chateau-artigues.com\/es\/#website","url":"https:\/\/chateau-artigues.com\/es\/","name":"Ch\u00e2teau d'Artigues","description":"","publisher":{"@id":"https:\/\/chateau-artigues.com\/es\/#organization"},"alternateName":"Ch\u00e2teau d'Artigues","potentialAction":[{"@type":"SearchAction","target":{"@type":"EntryPoint","urlTemplate":"https:\/\/chateau-artigues.com\/es\/?s={search_term_string}"},"query-input":{"@type":"PropertyValueSpecification","valueRequired":true,"valueName":"search_term_string"}}],"inLanguage":"es"},{"@type":"Organization","@id":"https:\/\/chateau-artigues.com\/es\/#organization","name":"Ch\u00e2teau d'Artigues","url":"https:\/\/chateau-artigues.com\/es\/","logo":{"@type":"ImageObject","inLanguage":"es","@id":"https:\/\/chateau-artigues.com\/es\/#\/schema\/logo\/image\/","url":"https:\/\/chateau-artigues.com\/wp-content\/uploads\/2025\/03\/logo.svg","contentUrl":"https:\/\/chateau-artigues.com\/wp-content\/uploads\/2025\/03\/logo.svg","width":1000,"height":1000,"caption":"Ch\u00e2teau d'Artigues"},"image":{"@id":"https:\/\/chateau-artigues.com\/es\/#\/schema\/logo\/image\/"},"sameAs":["https:\/\/www.instagram.com\/chateau_artigues_provence\/"],"hasMerchantReturnPolicy":{"@type":"MerchantReturnPolicy","merchantReturnLink":"https:\/\/chateau-artigues.com\/conditions-generales\/"}}]}},"_links":{"self":[{"href":"https:\/\/chateau-artigues.com\/es\/wp-json\/wp\/v2\/pages\/2701","targetHints":{"allow":["GET"]}}],"collection":[{"href":"https:\/\/chateau-artigues.com\/es\/wp-json\/wp\/v2\/pages"}],"about":[{"href":"https:\/\/chateau-artigues.com\/es\/wp-json\/wp\/v2\/types\/page"}],"author":[{"embeddable":true,"href":"https:\/\/chateau-artigues.com\/es\/wp-json\/wp\/v2\/users\/1"}],"replies":[{"embeddable":true,"href":"https:\/\/chateau-artigues.com\/es\/wp-json\/wp\/v2\/comments?post=2701"}],"version-history":[{"count":0,"href":"https:\/\/chateau-artigues.com\/es\/wp-json\/wp\/v2\/pages\/2701\/revisions"}],"wp:attachment":[{"href":"https:\/\/chateau-artigues.com\/es\/wp-json\/wp\/v2\/media?parent=2701"}],"curies":[{"name":"wp","href":"https:\/\/api.w.org\/{rel}","templated":true}]}}