{"id":2944,"date":"2025-04-22T02:00:01","date_gmt":"2025-04-22T00:00:01","guid":{"rendered":"https:\/\/chateau-artigues.com\/parque\/"},"modified":"2025-04-22T02:43:57","modified_gmt":"2025-04-22T00:43:57","slug":"parque","status":"publish","type":"page","link":"https:\/\/chateau-artigues.com\/es\/parque\/","title":{"rendered":"Parque"},"content":{"rendered":"\t\t<div data-elementor-type=\"wp-page\" data-elementor-id=\"2944\" class=\"elementor elementor-2944 elementor-2913\" data-elementor-post-type=\"page\">\n\t\t\t\t<div data-particle_enable=\"false\" data-particle-mobile-disabled=\"false\" class=\"elementor-element elementor-element-b341ae1 e-con-full slide e-flex elementor-invisible e-con e-parent\" data-id=\"b341ae1\" data-element_type=\"container\" data-settings=\"{&quot;background_background&quot;:&quot;classic&quot;,&quot;animation&quot;:&quot;fadeIn&quot;}\">\n\t\t<div data-particle_enable=\"false\" data-particle-mobile-disabled=\"false\" class=\"elementor-element elementor-element-bee6b2c e-flex e-con-boxed e-con e-child\" data-id=\"bee6b2c\" data-element_type=\"container\">\n\t\t\t\t\t<div class=\"e-con-inner\">\n\t\t\t\t<div class=\"elementor-element elementor-element-1745333 fleuron elementor-widget elementor-widget-heading\" data-id=\"1745333\" data-element_type=\"widget\" data-widget_type=\"heading.default\">\n\t\t\t\t<div class=\"elementor-widget-container\">\n\t\t\t\t\t<h2 class=\"elementor-heading-title elementor-size-default\">Arboreto<\/h2>\t\t\t\t<\/div>\n\t\t\t\t<\/div>\n\t\t\t\t\t<\/div>\n\t\t\t\t<\/div>\n\t\t\t\t<\/div>\n\t\t<div data-particle_enable=\"false\" data-particle-mobile-disabled=\"false\" class=\"elementor-element elementor-element-2bc471f e-con-full e-flex elementor-invisible e-con e-parent\" data-id=\"2bc471f\" data-element_type=\"container\" data-settings=\"{&quot;background_background&quot;:&quot;gradient&quot;,&quot;animation&quot;:&quot;fadeIn&quot;}\">\n\t\t<div data-particle_enable=\"false\" data-particle-mobile-disabled=\"false\" class=\"elementor-element elementor-element-c588d36 e-flex e-con-boxed e-con e-child\" data-id=\"c588d36\" data-element_type=\"container\">\n\t\t\t\t\t<div class=\"e-con-inner\">\n\t\t<div data-particle_enable=\"false\" data-particle-mobile-disabled=\"false\" class=\"elementor-element elementor-element-4248009 e-con-full e-flex e-con e-child\" data-id=\"4248009\" data-element_type=\"container\">\n\t\t\t\t<div class=\"elementor-element elementor-element-76507c1 elementor-widget elementor-widget-image\" data-id=\"76507c1\" data-element_type=\"widget\" data-settings=\"{&quot;motion_fx_motion_fx_scrolling&quot;:&quot;yes&quot;,&quot;motion_fx_translateY_effect&quot;:&quot;yes&quot;,&quot;motion_fx_translateY_speed&quot;:{&quot;unit&quot;:&quot;px&quot;,&quot;size&quot;:2,&quot;sizes&quot;:[]},&quot;motion_fx_translateY_affectedRange&quot;:{&quot;unit&quot;:&quot;%&quot;,&quot;size&quot;:&quot;&quot;,&quot;sizes&quot;:{&quot;start&quot;:0,&quot;end&quot;:100}},&quot;motion_fx_devices&quot;:[&quot;desktop&quot;,&quot;tablet&quot;,&quot;mobile&quot;]}\" data-widget_type=\"image.default\">\n\t\t\t\t<div class=\"elementor-widget-container\">\n\t\t\t\t\t\t\t\t\t\t\t\t\t\t\t<img fetchpriority=\"high\" decoding=\"async\" width=\"1653\" height=\"2338\" src=\"https:\/\/chateau-artigues.com\/wp-content\/uploads\/2025\/04\/plan-parc-rotated.jpg\" class=\"attachment-full size-full wp-image-2931\" alt=\"\" srcset=\"https:\/\/chateau-artigues.com\/wp-content\/uploads\/2025\/04\/plan-parc-rotated.jpg 1653w, https:\/\/chateau-artigues.com\/wp-content\/uploads\/2025\/04\/plan-parc-212x300.jpg 212w, https:\/\/chateau-artigues.com\/wp-content\/uploads\/2025\/04\/plan-parc-724x1024.jpg 724w, https:\/\/chateau-artigues.com\/wp-content\/uploads\/2025\/04\/plan-parc-768x1086.jpg 768w, https:\/\/chateau-artigues.com\/wp-content\/uploads\/2025\/04\/plan-parc-1086x1536.jpg 1086w, https:\/\/chateau-artigues.com\/wp-content\/uploads\/2025\/04\/plan-parc-1448x2048.jpg 1448w, https:\/\/chateau-artigues.com\/wp-content\/uploads\/2025\/04\/plan-parc-53x75.jpg 53w, https:\/\/chateau-artigues.com\/wp-content\/uploads\/2025\/04\/plan-parc-480x679.jpg 480w, https:\/\/chateau-artigues.com\/wp-content\/uploads\/2025\/04\/plan-parc-800x1132.jpg 800w\" sizes=\"(max-width:767px) 480px, (max-width:1653px) 100vw, 1653px\" \/>\t\t\t\t\t\t\t\t\t\t\t\t\t\t\t<\/div>\n\t\t\t\t<\/div>\n\t\t\t\t<\/div>\n\t\t<div data-particle_enable=\"false\" data-particle-mobile-disabled=\"false\" class=\"elementor-element elementor-element-9ec3209 e-con-full e-flex e-con e-child\" data-id=\"9ec3209\" data-element_type=\"container\">\n\t\t\t\t<div class=\"elementor-element elementor-element-3470037 elementor-widget elementor-widget-text-editor\" data-id=\"3470037\" data-element_type=\"widget\" data-widget_type=\"text-editor.default\">\n\t\t\t\t<div class=\"elementor-widget-container\">\n\t\t\t\t\t\t\t\t\t<ol type=\"A\">\n \t<li>El roble pedunculado (Quercus robur L., 1753) es una especie de planta con flores de la familia de las Fag\u00e1ceas. Es un \u00e1rbol caducifolio originario de las regiones templadas de Europa. Su fruto est\u00e1 unido por un largo ped\u00fanculo. El \u00e1rbol tambi\u00e9n es conocido como roble blanco, roble hembra, gravel\u00edn, roble en racimo o chagne. Su nombre latino Quercus robur significa \u201croble robusto\u201d. Es un \u00e1rbol grande, que alcanza entre 25 y 35 metros de altura.    <\/li>\n \t<li>El casta\u00f1o de Indias, casta\u00f1o com\u00fan, casta\u00f1o europeo o casta\u00f1o blanco (Aesculus hippocastanum L.) es un \u00e1rbol de la familia de las Sapind\u00e1ceas. A menudo se confunde con el casta\u00f1o com\u00fan (Castanea sativa), que produce las verdaderas casta\u00f1as comestibles. Es un gran \u00e1rbol ornamental cuya longevidad en zonas rurales supera f\u00e1cilmente los 150 a\u00f1os, pudiendo alcanzar los 300 a\u00f1os y medir hasta 30 metros. <\/li>\n \t<li>Los nogales (Juglans L.) son un g\u00e9nero de \u00e1rboles perteneciente a la familia de las Jugland\u00e1ceas, originarios de las regiones templadas y c\u00e1lidas, principalmente del hemisferio norte (Eurasia, Am\u00e9rica del Norte). Seg\u00fan Plinio el Viejo y otros estudiosos, el nombre latino Juglans proviene de Jovis glans, \u201cbellota de J\u00fapiter\u201d. Su fruto es la nuez.  <\/li>\n \t<li>Robinia, o robinias, es un g\u00e9nero de plantas con flores de la familia de las Fab\u00e1ceas, subfamilia Faboideae. Son \u00e1rboles o arbustos originarios de Am\u00e9rica del Norte. Las robinias son caducifolias y pueden alcanzar entre 4 y 25 metros de altura.  <\/li>\n \t<li>Tilia, los tilos, es un g\u00e9nero de \u00e1rboles que pertenece a la familia de las Tili\u00e1ceas seg\u00fan la clasificaci\u00f3n cl\u00e1sica, o a la de las Malv\u00e1ceas seg\u00fan la clasificaci\u00f3n filogen\u00e9tica. Son especies forestales que crecen principalmente en regiones calc\u00e1reas. Las flores de algunos tilos se utilizan en infusi\u00f3n por su sabor y por sus propiedades calmantes. Tambi\u00e9n son mel\u00edferas. Algunos tilos se plantan como \u00e1rboles ornamentales.    <\/li>\n \t<li>El sa\u00faco negro (Sambucus nigra L., 1753), o gran sa\u00faco, es una especie de arbusto o arbolillo caducifolio de crecimiento r\u00e1pido. Est\u00e1 presente en Europa, Asia occidental y el norte de \u00c1frica. Se utiliza en la cocina por sus frutos y flores, que deben consumirse siempre cocidos. Las flores se emplean para preparar limonada de sa\u00faco, jarabe, e incluso bu\u00f1uelos. Los frutos suelen utilizarse en tartas y se consumen en zumos, jaleas o mermeladas. Las bayas crudas, que contienen un alcaloide destruido por la cocci\u00f3n, son laxantes y pueden provocar n\u00e1useas o v\u00f3mitos si se ingieren en grandes cantidades.     <\/li>\n \t<li>El acebo com\u00fan (Ilex aquifolium L., 1753) es una especie de arbusto o arbolillo de follaje perenne de la familia de las Aquifoli\u00e1ceas, cultivado por su valor ornamental, especialmente por sus frutos rojos brillantes. Es una de las muchas especies del g\u00e9nero Ilex, y la \u00fanica que crece de forma espont\u00e1nea en Europa. Tiene un crecimiento muy lento y un porte arbustivo, con ramificaci\u00f3n densa e irregular en los primeros a\u00f1os, y posteriormente una forma c\u00f3nica o redondeada. Su tama\u00f1o adulto suele ser de 4 a 6 metros, aunque algunos ejemplares pueden alcanzar hasta 20 metros. Puede vivir hasta 300 a\u00f1os o m\u00e1s.    <\/li>\n \t<li>El boj com\u00fan o boj siempreverde (Buxus sempervirens) es una especie de arbusto de hojas perennes del g\u00e9nero Buxus, con un olor caracter\u00edstico, perteneciente a la familia de las Bux\u00e1ceas. Puede alcanzar entre 5 y 6 metros de altura. En primavera produce peque\u00f1as flores axilares. Las abejas aprecian sus frutos de n\u00e9ctar muy dulce en oto\u00f1o. Es una planta de crecimiento muy lento que puede vivir varios siglos y alcanzar hasta 8 metros en clima templado.    <\/li>\n \t<li>El rusco o brusco (Ruscus aculeatus), tambi\u00e9n conocido como acebillo, es un subarbusto dioico siempreverde de la familia de las Asparag\u00e1ceas (o de las Lili\u00e1ceas seg\u00fan la clasificaci\u00f3n cl\u00e1sica), que crece en la regi\u00f3n mediterr\u00e1neo-atl\u00e1ntica. Es un subarbusto de menos de un metro de altura. <\/li>\n \t<li>La secuoya de hoja de tejo, secuoya siempreverde o Sequoia sempervirens es una especie de con\u00edfera de la familia de las Taxodi\u00e1ceas (seg\u00fan la clasificaci\u00f3n cl\u00e1sica). Es el \u00fanico representante actual del g\u00e9nero Sequoia. Originaria de la costa del Pac\u00edfico de Estados Unidos (California y sur de Oreg\u00f3n), incluye los \u00e1rboles m\u00e1s altos del mundo. Es un \u00e1rbol muy grande, de porte c\u00f3nico y copa redondeada. En la edad adulta, carece de ramas en un tercio o la mitad de su altura. Su corteza, gruesa y agrietada, es de color rojo anaranjado y tiene una textura blanda y fibrosa. Es m\u00e1s esbelta que la secuoya gigante.     <\/li>\n \t<li>El ginkgo es un \u00e1rbol dioico: los ejemplares masculinos portan conos de polen en racimos parecidos a amentos, y los femeninos, largos ped\u00fanculos con un \u00f3vulo en el extremo, sin p\u00e9talos ni ovario. Es un \u00e1rbol de tama\u00f1o mediano a grande, que puede alcanzar entre 20 y 30 metros en Francia. <\/li>\n \t<li>El magnolio de flores grandes o Magnolia grandiflora es una especie de planta con flores de la familia de las Magnoli\u00e1ceas. Es un \u00e1rbol de gran tama\u00f1o. Probablemente el m\u00e1s conocido de los magnolios por sus hermosas hojas perennes. Es originario de Estados Unidos y ampliamente cultivado como \u00e1rbol ornamental. \nTiene un porte piramidal y puede alcanzar los 30 metros, o hasta 25 en cultivo.   <\/li>\n \t<li>Acer, los arces, es un g\u00e9nero de plantas con flores de la familia de las Sapind\u00e1ceas seg\u00fan la clasificaci\u00f3n APG III. Son \u00e1rboles o arbustos. La mayor\u00eda pueden alcanzar entre 10 y 45 metros de altura.   <\/li>\n \t<li>Carpinus, el carpe, es un g\u00e9nero de \u00e1rboles y arbustos de la familia de las Betul\u00e1ceas. Este g\u00e9nero cuenta con unas treinta especies distribuidas por las regiones templadas del hemisferio norte, Asia Menor y Europa. Proporcionan una excelente le\u00f1a, madera para pasta y otros usos. Son \u00e1rboles que alcanzan hasta 25 metros, con hojas marcescentes, alternas, peque\u00f1as (de 3 a 10 cm), simples y con bordes finamente dentados.   <\/li>\n \t<li>El tejo com\u00fan (Taxus baccata) es una especie de con\u00edfera no resinosa de la familia de las Tax\u00e1ceas. De crecimiento lento y muy longevo, es un \u00e1rbol que tolera bien la poda. Es una planta t\u00f3xica. \nPuede alcanzar hasta 25 metros de altura, aunque la mayor\u00eda de los ejemplares son m\u00e1s peque\u00f1os. Su forma var\u00eda seg\u00fan el espacio y la luz disponibles, con copa irregular y tronco corto y nudoso del que parten ramas cerca del suelo. Las formas arbustivas tambi\u00e9n son frecuentes, y se poda f\u00e1cilmente.    <\/li>\n \t<li>Cedrus, el cedro, es un g\u00e9nero de con\u00edferas de la familia de las Pin\u00e1ceas, originario de Oriente Medio, \u00c1frica del Norte e Himalaya, aclimatado en Europa, que incluye \u00e1rboles majestuosos, de madera arom\u00e1tica, con copa c\u00f3nica o extendida, muy utilizados como ornamentales en parques. Los cedros son grandes \u00e1rboles, de entre 25 y 50 metros de altura, cuya copa afilada en su juventud adopta una forma tabular caracter\u00edstica a partir de los 30 a\u00f1os. Las ramas son muy extendidas en horizontal.  <\/li>\n<\/ol>\t\t\t\t\t\t\t\t<\/div>\n\t\t\t\t<\/div>\n\t\t\t\t<\/div>\n\t\t\t\t\t<\/div>\n\t\t\t\t<\/div>\n\t\t\t\t<\/div>\n\t\t\t\t<\/div>\n\t\t","protected":false},"excerpt":{"rendered":"<p>Arboreto El roble pedunculado (Quercus robur L., 1753) es una especie de planta con flores de la familia de las Fag\u00e1ceas. Es un \u00e1rbol caducifolio originario<span class=\"excerpt-hellip\"> [\u2026]<\/span><\/p>\n","protected":false},"author":1,"featured_media":0,"parent":0,"menu_order":4,"comment_status":"closed","ping_status":"closed","template":"elementor_header_footer","meta":{"footnotes":""},"class_list":["post-2944","page","type-page","status-publish","hentry"],"yoast_head":"<!-- This site is optimized with the Yoast SEO Premium plugin v26.3 (Yoast SEO v27.4) - https:\/\/yoast.com\/product\/yoast-seo-premium-wordpress\/ -->\n<title>Parque - Ch\u00e2teau d&#039;Artigues<\/title>\n<meta name=\"description\" content=\"El parque del Ch\u00e2teau d&#039;Artigues\" \/>\n<meta name=\"robots\" content=\"index, follow, max-snippet:-1, max-image-preview:large, max-video-preview:-1\" \/>\n<link rel=\"canonical\" href=\"https:\/\/chateau-artigues.com\/es\/parque\/\" \/>\n<meta property=\"og:locale\" content=\"es_ES\" \/>\n<meta property=\"og:type\" content=\"article\" \/>\n<meta property=\"og:title\" content=\"Parque\" \/>\n<meta property=\"og:description\" content=\"El parque del Ch\u00e2teau d&#039;Artigues\" \/>\n<meta property=\"og:url\" content=\"https:\/\/chateau-artigues.com\/es\/parque\/\" \/>\n<meta property=\"og:site_name\" content=\"Ch\u00e2teau d&#039;Artigues\" \/>\n<meta property=\"article:modified_time\" content=\"2025-04-22T00:43:57+00:00\" \/>\n<meta property=\"og:image\" content=\"https:\/\/chateau-artigues.com\/wp-content\/uploads\/2025\/04\/plan-parc-rotated.jpg\" \/>\n\t<meta property=\"og:image:width\" content=\"1653\" \/>\n\t<meta property=\"og:image:height\" content=\"2338\" \/>\n\t<meta property=\"og:image:type\" content=\"image\/jpeg\" \/>\n<meta name=\"twitter:card\" content=\"summary_large_image\" \/>\n<meta name=\"twitter:label1\" content=\"Tiempo de lectura\" \/>\n\t<meta name=\"twitter:data1\" content=\"6 minuto\" \/>\n<script type=\"application\/ld+json\" class=\"yoast-schema-graph\">{\"@context\":\"https:\\\/\\\/schema.org\",\"@graph\":[{\"@type\":\"WebPage\",\"@id\":\"https:\\\/\\\/chateau-artigues.com\\\/es\\\/parque\\\/\",\"url\":\"https:\\\/\\\/chateau-artigues.com\\\/es\\\/parque\\\/\",\"name\":\"Parque - Ch\u00e2teau d&#039;Artigues\",\"isPartOf\":{\"@id\":\"https:\\\/\\\/chateau-artigues.com\\\/es\\\/#website\"},\"primaryImageOfPage\":{\"@id\":\"https:\\\/\\\/chateau-artigues.com\\\/es\\\/parque\\\/#primaryimage\"},\"image\":{\"@id\":\"https:\\\/\\\/chateau-artigues.com\\\/es\\\/parque\\\/#primaryimage\"},\"thumbnailUrl\":\"https:\\\/\\\/chateau-artigues.com\\\/wp-content\\\/uploads\\\/2025\\\/04\\\/plan-parc-rotated.jpg\",\"datePublished\":\"2025-04-22T00:00:01+00:00\",\"dateModified\":\"2025-04-22T00:43:57+00:00\",\"description\":\"El parque del Ch\u00e2teau d'Artigues\",\"breadcrumb\":{\"@id\":\"https:\\\/\\\/chateau-artigues.com\\\/es\\\/parque\\\/#breadcrumb\"},\"inLanguage\":\"es\",\"potentialAction\":[{\"@type\":\"ReadAction\",\"target\":[\"https:\\\/\\\/chateau-artigues.com\\\/es\\\/parque\\\/\"]}]},{\"@type\":\"ImageObject\",\"inLanguage\":\"es\",\"@id\":\"https:\\\/\\\/chateau-artigues.com\\\/es\\\/parque\\\/#primaryimage\",\"url\":\"https:\\\/\\\/chateau-artigues.com\\\/wp-content\\\/uploads\\\/2025\\\/04\\\/plan-parc-rotated.jpg\",\"contentUrl\":\"https:\\\/\\\/chateau-artigues.com\\\/wp-content\\\/uploads\\\/2025\\\/04\\\/plan-parc-rotated.jpg\"},{\"@type\":\"BreadcrumbList\",\"@id\":\"https:\\\/\\\/chateau-artigues.com\\\/es\\\/parque\\\/#breadcrumb\",\"itemListElement\":[{\"@type\":\"ListItem\",\"position\":1,\"name\":\"Accueil\",\"item\":\"https:\\\/\\\/chateau-artigues.com\\\/es\\\/inicio\\\/\"},{\"@type\":\"ListItem\",\"position\":2,\"name\":\"Parque\"}]},{\"@type\":\"WebSite\",\"@id\":\"https:\\\/\\\/chateau-artigues.com\\\/es\\\/#website\",\"url\":\"https:\\\/\\\/chateau-artigues.com\\\/es\\\/\",\"name\":\"Ch\u00e2teau d'Artigues\",\"description\":\"\",\"publisher\":{\"@id\":\"https:\\\/\\\/chateau-artigues.com\\\/es\\\/#organization\"},\"alternateName\":\"Ch\u00e2teau d'Artigues\",\"potentialAction\":[{\"@type\":\"SearchAction\",\"target\":{\"@type\":\"EntryPoint\",\"urlTemplate\":\"https:\\\/\\\/chateau-artigues.com\\\/es\\\/?s={search_term_string}\"},\"query-input\":{\"@type\":\"PropertyValueSpecification\",\"valueRequired\":true,\"valueName\":\"search_term_string\"}}],\"inLanguage\":\"es\"},{\"@type\":\"Organization\",\"@id\":\"https:\\\/\\\/chateau-artigues.com\\\/es\\\/#organization\",\"name\":\"Ch\u00e2teau d'Artigues\",\"url\":\"https:\\\/\\\/chateau-artigues.com\\\/es\\\/\",\"logo\":{\"@type\":\"ImageObject\",\"inLanguage\":\"es\",\"@id\":\"https:\\\/\\\/chateau-artigues.com\\\/es\\\/#\\\/schema\\\/logo\\\/image\\\/\",\"url\":\"https:\\\/\\\/chateau-artigues.com\\\/wp-content\\\/uploads\\\/2025\\\/03\\\/logo.svg\",\"contentUrl\":\"https:\\\/\\\/chateau-artigues.com\\\/wp-content\\\/uploads\\\/2025\\\/03\\\/logo.svg\",\"width\":1000,\"height\":1000,\"caption\":\"Ch\u00e2teau d'Artigues\"},\"image\":{\"@id\":\"https:\\\/\\\/chateau-artigues.com\\\/es\\\/#\\\/schema\\\/logo\\\/image\\\/\"},\"sameAs\":[\"https:\\\/\\\/www.instagram.com\\\/chateau_artigues_provence\\\/\"],\"hasMerchantReturnPolicy\":{\"@type\":\"MerchantReturnPolicy\",\"merchantReturnLink\":\"https:\\\/\\\/chateau-artigues.com\\\/conditions-generales\\\/\"}}]}<\/script>\n<!-- \/ Yoast SEO Premium plugin. -->","yoast_head_json":{"title":"Parque - Ch\u00e2teau d&#039;Artigues","description":"El parque del Ch\u00e2teau d'Artigues","robots":{"index":"index","follow":"follow","max-snippet":"max-snippet:-1","max-image-preview":"max-image-preview:large","max-video-preview":"max-video-preview:-1"},"canonical":"https:\/\/chateau-artigues.com\/es\/parque\/","og_locale":"es_ES","og_type":"article","og_title":"Parque","og_description":"El parque del Ch\u00e2teau d'Artigues","og_url":"https:\/\/chateau-artigues.com\/es\/parque\/","og_site_name":"Ch\u00e2teau d&#039;Artigues","article_modified_time":"2025-04-22T00:43:57+00:00","og_image":[{"width":1653,"height":2338,"url":"https:\/\/chateau-artigues.com\/wp-content\/uploads\/2025\/04\/plan-parc-rotated.jpg","type":"image\/jpeg"}],"twitter_card":"summary_large_image","twitter_misc":{"Tiempo de lectura":"6 minuto"},"schema":{"@context":"https:\/\/schema.org","@graph":[{"@type":"WebPage","@id":"https:\/\/chateau-artigues.com\/es\/parque\/","url":"https:\/\/chateau-artigues.com\/es\/parque\/","name":"Parque - Ch\u00e2teau d&#039;Artigues","isPartOf":{"@id":"https:\/\/chateau-artigues.com\/es\/#website"},"primaryImageOfPage":{"@id":"https:\/\/chateau-artigues.com\/es\/parque\/#primaryimage"},"image":{"@id":"https:\/\/chateau-artigues.com\/es\/parque\/#primaryimage"},"thumbnailUrl":"https:\/\/chateau-artigues.com\/wp-content\/uploads\/2025\/04\/plan-parc-rotated.jpg","datePublished":"2025-04-22T00:00:01+00:00","dateModified":"2025-04-22T00:43:57+00:00","description":"El parque del Ch\u00e2teau d'Artigues","breadcrumb":{"@id":"https:\/\/chateau-artigues.com\/es\/parque\/#breadcrumb"},"inLanguage":"es","potentialAction":[{"@type":"ReadAction","target":["https:\/\/chateau-artigues.com\/es\/parque\/"]}]},{"@type":"ImageObject","inLanguage":"es","@id":"https:\/\/chateau-artigues.com\/es\/parque\/#primaryimage","url":"https:\/\/chateau-artigues.com\/wp-content\/uploads\/2025\/04\/plan-parc-rotated.jpg","contentUrl":"https:\/\/chateau-artigues.com\/wp-content\/uploads\/2025\/04\/plan-parc-rotated.jpg"},{"@type":"BreadcrumbList","@id":"https:\/\/chateau-artigues.com\/es\/parque\/#breadcrumb","itemListElement":[{"@type":"ListItem","position":1,"name":"Accueil","item":"https:\/\/chateau-artigues.com\/es\/inicio\/"},{"@type":"ListItem","position":2,"name":"Parque"}]},{"@type":"WebSite","@id":"https:\/\/chateau-artigues.com\/es\/#website","url":"https:\/\/chateau-artigues.com\/es\/","name":"Ch\u00e2teau d'Artigues","description":"","publisher":{"@id":"https:\/\/chateau-artigues.com\/es\/#organization"},"alternateName":"Ch\u00e2teau d'Artigues","potentialAction":[{"@type":"SearchAction","target":{"@type":"EntryPoint","urlTemplate":"https:\/\/chateau-artigues.com\/es\/?s={search_term_string}"},"query-input":{"@type":"PropertyValueSpecification","valueRequired":true,"valueName":"search_term_string"}}],"inLanguage":"es"},{"@type":"Organization","@id":"https:\/\/chateau-artigues.com\/es\/#organization","name":"Ch\u00e2teau d'Artigues","url":"https:\/\/chateau-artigues.com\/es\/","logo":{"@type":"ImageObject","inLanguage":"es","@id":"https:\/\/chateau-artigues.com\/es\/#\/schema\/logo\/image\/","url":"https:\/\/chateau-artigues.com\/wp-content\/uploads\/2025\/03\/logo.svg","contentUrl":"https:\/\/chateau-artigues.com\/wp-content\/uploads\/2025\/03\/logo.svg","width":1000,"height":1000,"caption":"Ch\u00e2teau d'Artigues"},"image":{"@id":"https:\/\/chateau-artigues.com\/es\/#\/schema\/logo\/image\/"},"sameAs":["https:\/\/www.instagram.com\/chateau_artigues_provence\/"],"hasMerchantReturnPolicy":{"@type":"MerchantReturnPolicy","merchantReturnLink":"https:\/\/chateau-artigues.com\/conditions-generales\/"}}]}},"_links":{"self":[{"href":"https:\/\/chateau-artigues.com\/es\/wp-json\/wp\/v2\/pages\/2944","targetHints":{"allow":["GET"]}}],"collection":[{"href":"https:\/\/chateau-artigues.com\/es\/wp-json\/wp\/v2\/pages"}],"about":[{"href":"https:\/\/chateau-artigues.com\/es\/wp-json\/wp\/v2\/types\/page"}],"author":[{"embeddable":true,"href":"https:\/\/chateau-artigues.com\/es\/wp-json\/wp\/v2\/users\/1"}],"replies":[{"embeddable":true,"href":"https:\/\/chateau-artigues.com\/es\/wp-json\/wp\/v2\/comments?post=2944"}],"version-history":[{"count":0,"href":"https:\/\/chateau-artigues.com\/es\/wp-json\/wp\/v2\/pages\/2944\/revisions"}],"wp:attachment":[{"href":"https:\/\/chateau-artigues.com\/es\/wp-json\/wp\/v2\/media?parent=2944"}],"curies":[{"name":"wp","href":"https:\/\/api.w.org\/{rel}","templated":true}]}}